{"id":3249,"date":"2015-06-12T12:30:17","date_gmt":"2015-06-12T12:30:17","guid":{"rendered":"http:\/\/themes.themegoods2.com\/grandrestaurant3\/?page_id=3246"},"modified":"2022-05-16T10:31:33","modified_gmt":"2022-05-16T10:31:33","slug":"restaurant-bucuresti","status":"publish","type":"page","link":"https:\/\/itcucina.ro\/en\/restaurant-bucuresti\/","title":{"rendered":"ABOUT"},"content":{"rendered":"<div  class=\"one withsmallpadding ppb_header\" style=\"text-align:center;padding-bottom:10px !important;text-align:center;padding:130px 0 130px 0;background-color:#cfa670;color:#000000;\" >\n<div class=\"standard_wrapper\">\n<div class=\"page_content_wrapper\">\n<div class=\"inner\">\n<div style=\"margin:auto;width:65%;\">\n<div style=\"font-size: 20px;\">The savor of Italy in Herastrau Park, themed events and luxurious decor, everything in a Dolce Vita experience<\/div>\n<\/div>\n<\/div>\n<\/div>\n<\/div>\n<\/div>\n<div  class=\"one ppb_card_two_cols_with_image\" style=\"position:relative;padding:70px 0 70px 0;\" >\n<div class=\"standard_wrapper\">\n<div class=\"page_content_wrapper\">\n<div class=\"inner\">\n<div class=\"one_half parallax_scroll\" style=\"width:40%;position:absolute;left:90px;padding:70px;z-index:2;block !important;background:#ffffff;border: 1px solid #e1e1e1;\" data-stellar-ratio=\"1.3\">\n<h2 class=\"ppb_title\" ><span class=\"ppb_title_first\" >Our<\/span>Story<\/h2>\n<div class=\"ppb_subtitle\" >ULTIMATE DINING EXPERIENCE<\/div>\n<div class=\"page_header_sep left\" ><\/div>\n<\/p>\n<p style=\"text-align: left;\"><span class=\"ng-star-inserted\" style=\"color: #3d3d3d;\">We are a team passionate about exclusive Italian dishes.<br \/>\n<\/span><span class=\"ng-star-inserted\" style=\"color: #3d3d3d;\">Suntem creativi in bucatarie. Specialisti in fine-dining si mari creatori in meniuri \u00e0 la carte rafinate. Daca esti in cautarea unui restaurant Bucuresti cu preparate din bucataria italiana, te aseptam la <a href=\"https:\/\/www.facebook.com\/itcucinarestaurant\">IT Cucina<\/a>.<\/span><\/p>\n<p><span class=\"ng-star-inserted\" style=\"color: #3d3d3d;\">We awaken memories for calling up Italian spirit. Balancing fine tastes. Add magic savor to the nights, spent in town. We draw out special emotions.<\/span><\/p>\n<p style=\"text-align: left;\"><a class=\"button tg_reservation\" href=\"https:\/\/itcucina.ro\/en\/contact\/\">BOOK A TABLE<\/a><\/p>\n<\/div>\n<div class=\"one_half parallax_scroll_image last\" style=\"width:65%;\">\n<div class=\"image_classic_frame expand\">\n<div class=\"image_wrapper\"><a href=\"https:\/\/itcucina.ro\/wp-content\/uploads\/2019\/01\/It-Cucina-102.jpg\" class=\"img_frame\"><img decoding=\"async\" src=\"https:\/\/itcucina.ro\/wp-content\/uploads\/2019\/01\/It-Cucina-102.jpg\" class=\"portfolio_img\" alt=\"\"\/><\/a><\/div>\n<\/div>\n<\/div>\n<p><br class=\"clear\"\/><\/div>\n<\/div>\n<\/div>\n<\/div>\n<div  class=\"one\">\n<div id=\"16526970931452660521\" class=\"photo_wall_wrapper shortcode\">\n<div class=\"wall_entry\">\n<div class=\"wall_thumbnail\"><a class=\"fancy-gallery\" href=\"https:\/\/itcucina.ro\/wp-content\/uploads\/2019\/01\/HRS-61.jpg\" title=\"\" ><img decoding=\"async\" src=\"https:\/\/itcucina.ro\/wp-content\/uploads\/2019\/01\/HRS-61-400x400.jpg\" alt=\"\"\/><\/a><\/div>\n<\/div>\n<div class=\"wall_entry\">\n<div class=\"wall_thumbnail\"><a class=\"fancy-gallery\" href=\"https:\/\/itcucina.ro\/wp-content\/uploads\/2015\/06\/HRS-67.jpg\" title=\"\" ><img decoding=\"async\" src=\"https:\/\/itcucina.ro\/wp-content\/uploads\/2015\/06\/HRS-67-400x400.jpg\" alt=\"\"\/><\/a><\/div>\n<\/div>\n<div class=\"wall_entry\">\n<div class=\"wall_thumbnail\"><a class=\"fancy-gallery\" href=\"https:\/\/itcucina.ro\/wp-content\/uploads\/2015\/06\/HRS-5.jpg\" title=\"\" ><img decoding=\"async\" src=\"https:\/\/itcucina.ro\/wp-content\/uploads\/2015\/06\/HRS-5-400x400.jpg\" alt=\"\"\/><\/a><\/div>\n<\/div>\n<div class=\"wall_entry\">\n<div class=\"wall_thumbnail\"><a class=\"fancy-gallery\" href=\"https:\/\/itcucina.ro\/wp-content\/uploads\/2019\/01\/HRS-73.jpg\" title=\"\" ><img decoding=\"async\" src=\"https:\/\/itcucina.ro\/wp-content\/uploads\/2019\/01\/HRS-73-400x400.jpg\" alt=\"\"\/><\/a><\/div>\n<\/div>\n<\/div>\n<\/div>\n<div class=\"divider one\">&nbsp;<\/div>\n<div  class=\"one withsmallpadding ppb_text\" style=\"padding:30px 0 30px 0;\" >\n<div class=\"standard_wrapper\">\n<div class=\"page_content_wrapper\">\n<div class=\"inner\">\n<div style=\"margin:auto;width:100%\">\n<h2>Despre IT Cucina<\/h2>\n<p><span style=\"font-weight: 400;\">Desi, aparent cu origini in Franta, restaurantul nu este o inventie exclusiv frantuzeasca, asadar va invitam alaturi de noi pentru o experienta italiana. O vizita la IT Cucina iti poate readuce gustul autentic italian chiar in inima Bucurestiului, oferind o priveliste superba a lacului Herastrau.<\/span><\/p>\n<p><span style=\"font-weight: 400;\">Loc de intalnire, discutii si relaxare, \u201cIt Cucina\u201d reprezinta o evolutie fireasca a restaurantului in mileniul al treilea. Viata calma si privelistea senzationala din Parcul Regelui Mihai I a inspirat un spatiu prietenos, deschis si unic, pregatit sa primeasca vizitatori din toate culturile.<\/span><\/p>\n<p><span style=\"font-weight: 400;\">It Cucina are o capacitate de 80 de persoane in interior si 150 de persoane pe terasele exterioare. Astfel, daca esti in cautarea unui restaurant Bucuresti pentru organizare evenimente, cu siguranta putem acoperi toate nevoile. Cu un design Italian veritabil, scrie istorie in viata cotidiana a fiecarui Bucurestean si turist care ii trece pragul. Materialele si culorile folosite sunt calde si prietenoase, lemnul masiv sub diverse esente si patine ocupandu-si cu nonsalanta locul principal in amenajare. Contrastul detaliilor face totul, iar acest lucru se simte inclusiv la servirea mesei.<\/span><\/p>\n<p><span style=\"font-weight: 400;\">Locatia reinvie odata cu venirea serii, cand in sufletul tuturor sunt aduse cele mai frumoase melodii de catre artistii casei.Ce poate fi mai pl\u0103cut decat sa servesti cina in cadrul unui spectacol cu muzica live?<\/span><\/p>\n<p><span style=\"font-weight: 400;\">Conceptul unic al bucatariei Italiene, completat de arti\u015fti de renume au facut din It Cucina una dintre cele mai bune loca\u0163ii ale ora\u015fului. Doar curiozitatea va desparte de un loc cu usile mereu deschise, pe care il veti indragi la prima vedere!<\/span><\/p>\n<h2>FACILITATI:<\/h2>\n<p>&#8211; ORGANIZARI EVENIMENTE<br \/>\n&#8211; PETRECERI PRIVATE<br \/>\n&#8211; TERASA ACOPERITA SI EXTERIOARA<br \/>\n&#8211; PLATA CU CARD<br \/>\n&#8211; PARCARE<br \/>\n&#8211; WI-FI<br \/>\n&#8211; REZERVARI<br \/>\n&#8211; AER CONDITIONAT<br \/>\n&#8211; SCENA ARTISTI<br \/>\n&#8211; ECRAN LCD 110 110 INCH<br \/>\n&#8211; PIZZERIE IN HOUSE<br \/>\n&#8211; SUSHI IN HOUSE<br \/>\n&#8211; FRIGIDERE MATURARE<\/p>\n<\/div>\n<\/div>\n<\/div>\n<\/div>\n<\/div>","protected":false},"excerpt":{"rendered":"<p>Savoarea Italiei in Parcul Herastrau, evenimente tematice si decor luxos, totul intr-o experienta Dolce vita. PovesteaNoastra O experienta culinara exceptionala Suntem o echipa pasionata de preparatele exclusive italiene. Suntem creativi in bucatarie. Specialisti in fine-dining si mari creatori in meniuri [&hellip;]<\/p>","protected":false},"author":2,"featured_media":4510,"parent":0,"menu_order":2,"comment_status":"open","ping_status":"closed","template":"","meta":{"footnotes":""},"class_list":["post-3249","page","type-page","status-publish","has-post-thumbnail","hentry"],"yoast_head":"<!-- This site is optimized with the Yoast SEO plugin v26.2 - https:\/\/yoast.com\/wordpress\/plugins\/seo\/ -->\n<title>Restaurant Bucuresti - Despre Restaurant IT Cucina<\/title>\n<meta name=\"description\" content=\"Restaurant Bucuresti - Restaurant Herastrau - fine-dining. Restaurant cu muzica live. Restaurant Bucatarie italiana - pizza, fructe de mare, sushi.\" \/>\n<meta name=\"robots\" content=\"index, follow, max-snippet:-1, max-image-preview:large, max-video-preview:-1\" \/>\n<link rel=\"canonical\" href=\"https:\/\/itcucina.ro\/en\/restaurant-bucuresti\/\" \/>\n<meta property=\"og:locale\" content=\"en_US\" \/>\n<meta property=\"og:type\" content=\"article\" \/>\n<meta property=\"og:title\" content=\"Restaurant Bucuresti - Despre Restaurant IT Cucina\" \/>\n<meta property=\"og:description\" content=\"Restaurant Bucuresti - Restaurant Herastrau - fine-dining. Restaurant cu muzica live. Restaurant Bucatarie italiana - pizza, fructe de mare, sushi.\" \/>\n<meta property=\"og:url\" content=\"https:\/\/itcucina.ro\/en\/restaurant-bucuresti\/\" \/>\n<meta property=\"og:site_name\" content=\"IT Cucina\" \/>\n<meta property=\"article:publisher\" content=\"https:\/\/www.facebook.com\/itcucinarestaurant\/\" \/>\n<meta property=\"article:modified_time\" content=\"2022-05-16T10:31:33+00:00\" \/>\n<meta property=\"og:image\" content=\"https:\/\/itcucina.ro\/wp-content\/uploads\/2019\/02\/It-Cucina-21-copy.jpg\" \/>\n\t<meta property=\"og:image:width\" content=\"2048\" \/>\n\t<meta property=\"og:image:height\" content=\"1365\" \/>\n\t<meta property=\"og:image:type\" content=\"image\/jpeg\" \/>\n<meta name=\"twitter:card\" content=\"summary_large_image\" \/>\n<meta name=\"twitter:label1\" content=\"Est. reading time\" \/>\n\t<meta name=\"twitter:data1\" content=\"2 minutes\" \/>\n<script type=\"application\/ld+json\" class=\"yoast-schema-graph\">{\"@context\":\"https:\/\/schema.org\",\"@graph\":[{\"@type\":\"WebPage\",\"@id\":\"https:\/\/itcucina.ro\/restaurant-bucuresti\/\",\"url\":\"https:\/\/itcucina.ro\/restaurant-bucuresti\/\",\"name\":\"Restaurant Bucuresti - Despre Restaurant IT Cucina\",\"isPartOf\":{\"@id\":\"https:\/\/itcucina.ro\/#website\"},\"primaryImageOfPage\":{\"@id\":\"https:\/\/itcucina.ro\/restaurant-bucuresti\/#primaryimage\"},\"image\":{\"@id\":\"https:\/\/itcucina.ro\/restaurant-bucuresti\/#primaryimage\"},\"thumbnailUrl\":\"https:\/\/itcucina.ro\/wp-content\/uploads\/2019\/02\/It-Cucina-21-copy.jpg\",\"datePublished\":\"2015-06-12T12:30:17+00:00\",\"dateModified\":\"2022-05-16T10:31:33+00:00\",\"description\":\"Restaurant Bucuresti - Restaurant Herastrau - fine-dining. Restaurant cu muzica live. Restaurant Bucatarie italiana - pizza, fructe de mare, sushi.\",\"breadcrumb\":{\"@id\":\"https:\/\/itcucina.ro\/restaurant-bucuresti\/#breadcrumb\"},\"inLanguage\":\"en-US\",\"potentialAction\":[{\"@type\":\"ReadAction\",\"target\":[\"https:\/\/itcucina.ro\/restaurant-bucuresti\/\"]}]},{\"@type\":\"ImageObject\",\"inLanguage\":\"en-US\",\"@id\":\"https:\/\/itcucina.ro\/restaurant-bucuresti\/#primaryimage\",\"url\":\"https:\/\/itcucina.ro\/wp-content\/uploads\/2019\/02\/It-Cucina-21-copy.jpg\",\"contentUrl\":\"https:\/\/itcucina.ro\/wp-content\/uploads\/2019\/02\/It-Cucina-21-copy.jpg\",\"width\":2048,\"height\":1365},{\"@type\":\"BreadcrumbList\",\"@id\":\"https:\/\/itcucina.ro\/restaurant-bucuresti\/#breadcrumb\",\"itemListElement\":[{\"@type\":\"ListItem\",\"position\":1,\"name\":\"Home\",\"item\":\"https:\/\/itcucina.ro\/\"},{\"@type\":\"ListItem\",\"position\":2,\"name\":\"DESPRE\"}]},{\"@type\":\"WebSite\",\"@id\":\"https:\/\/itcucina.ro\/#website\",\"url\":\"https:\/\/itcucina.ro\/\",\"name\":\"IT Cucina\",\"description\":\"Restaurant italian Bucuresti\",\"publisher\":{\"@id\":\"https:\/\/itcucina.ro\/#organization\"},\"potentialAction\":[{\"@type\":\"SearchAction\",\"target\":{\"@type\":\"EntryPoint\",\"urlTemplate\":\"https:\/\/itcucina.ro\/?s={search_term_string}\"},\"query-input\":{\"@type\":\"PropertyValueSpecification\",\"valueRequired\":true,\"valueName\":\"search_term_string\"}}],\"inLanguage\":\"en-US\"},{\"@type\":\"Organization\",\"@id\":\"https:\/\/itcucina.ro\/#organization\",\"name\":\"It Cucina\",\"url\":\"https:\/\/itcucina.ro\/\",\"logo\":{\"@type\":\"ImageObject\",\"inLanguage\":\"en-US\",\"@id\":\"https:\/\/itcucina.ro\/#\/schema\/logo\/image\/\",\"url\":\"https:\/\/itcucina.ro\/wp-content\/uploads\/2019\/01\/logo_tran2.png\",\"contentUrl\":\"https:\/\/itcucina.ro\/wp-content\/uploads\/2019\/01\/logo_tran2.png\",\"width\":340,\"height\":184,\"caption\":\"It Cucina\"},\"image\":{\"@id\":\"https:\/\/itcucina.ro\/#\/schema\/logo\/image\/\"},\"sameAs\":[\"https:\/\/www.facebook.com\/itcucinarestaurant\/\",\"https:\/\/www.instagram.com\/itcucinarestaurant\/\"]}]}<\/script>\n<!-- \/ Yoast SEO plugin. -->","yoast_head_json":{"title":"Restaurant Bucuresti - Despre Restaurant IT Cucina","description":"Restaurant Bucuresti - Restaurant Herastrau - fine-dining. Restaurant cu muzica live. Restaurant Bucatarie italiana - pizza, fructe de mare, sushi.","robots":{"index":"index","follow":"follow","max-snippet":"max-snippet:-1","max-image-preview":"max-image-preview:large","max-video-preview":"max-video-preview:-1"},"canonical":"https:\/\/itcucina.ro\/en\/restaurant-bucuresti\/","og_locale":"en_US","og_type":"article","og_title":"Restaurant Bucuresti - Despre Restaurant IT Cucina","og_description":"Restaurant Bucuresti - Restaurant Herastrau - fine-dining. Restaurant cu muzica live. Restaurant Bucatarie italiana - pizza, fructe de mare, sushi.","og_url":"https:\/\/itcucina.ro\/en\/restaurant-bucuresti\/","og_site_name":"IT Cucina","article_publisher":"https:\/\/www.facebook.com\/itcucinarestaurant\/","article_modified_time":"2022-05-16T10:31:33+00:00","og_image":[{"width":2048,"height":1365,"url":"https:\/\/itcucina.ro\/wp-content\/uploads\/2019\/02\/It-Cucina-21-copy.jpg","type":"image\/jpeg"}],"twitter_card":"summary_large_image","twitter_misc":{"Est. reading time":"2 minutes"},"schema":{"@context":"https:\/\/schema.org","@graph":[{"@type":"WebPage","@id":"https:\/\/itcucina.ro\/restaurant-bucuresti\/","url":"https:\/\/itcucina.ro\/restaurant-bucuresti\/","name":"Restaurant Bucuresti - Despre Restaurant IT Cucina","isPartOf":{"@id":"https:\/\/itcucina.ro\/#website"},"primaryImageOfPage":{"@id":"https:\/\/itcucina.ro\/restaurant-bucuresti\/#primaryimage"},"image":{"@id":"https:\/\/itcucina.ro\/restaurant-bucuresti\/#primaryimage"},"thumbnailUrl":"https:\/\/itcucina.ro\/wp-content\/uploads\/2019\/02\/It-Cucina-21-copy.jpg","datePublished":"2015-06-12T12:30:17+00:00","dateModified":"2022-05-16T10:31:33+00:00","description":"Restaurant Bucuresti - Restaurant Herastrau - fine-dining. Restaurant cu muzica live. Restaurant Bucatarie italiana - pizza, fructe de mare, sushi.","breadcrumb":{"@id":"https:\/\/itcucina.ro\/restaurant-bucuresti\/#breadcrumb"},"inLanguage":"en-US","potentialAction":[{"@type":"ReadAction","target":["https:\/\/itcucina.ro\/restaurant-bucuresti\/"]}]},{"@type":"ImageObject","inLanguage":"en-US","@id":"https:\/\/itcucina.ro\/restaurant-bucuresti\/#primaryimage","url":"https:\/\/itcucina.ro\/wp-content\/uploads\/2019\/02\/It-Cucina-21-copy.jpg","contentUrl":"https:\/\/itcucina.ro\/wp-content\/uploads\/2019\/02\/It-Cucina-21-copy.jpg","width":2048,"height":1365},{"@type":"BreadcrumbList","@id":"https:\/\/itcucina.ro\/restaurant-bucuresti\/#breadcrumb","itemListElement":[{"@type":"ListItem","position":1,"name":"Home","item":"https:\/\/itcucina.ro\/"},{"@type":"ListItem","position":2,"name":"DESPRE"}]},{"@type":"WebSite","@id":"https:\/\/itcucina.ro\/#website","url":"https:\/\/itcucina.ro\/","name":"IT Cucina","description":"Restaurant italian Bucuresti","publisher":{"@id":"https:\/\/itcucina.ro\/#organization"},"potentialAction":[{"@type":"SearchAction","target":{"@type":"EntryPoint","urlTemplate":"https:\/\/itcucina.ro\/?s={search_term_string}"},"query-input":{"@type":"PropertyValueSpecification","valueRequired":true,"valueName":"search_term_string"}}],"inLanguage":"en-US"},{"@type":"Organization","@id":"https:\/\/itcucina.ro\/#organization","name":"It Cucina","url":"https:\/\/itcucina.ro\/","logo":{"@type":"ImageObject","inLanguage":"en-US","@id":"https:\/\/itcucina.ro\/#\/schema\/logo\/image\/","url":"https:\/\/itcucina.ro\/wp-content\/uploads\/2019\/01\/logo_tran2.png","contentUrl":"https:\/\/itcucina.ro\/wp-content\/uploads\/2019\/01\/logo_tran2.png","width":340,"height":184,"caption":"It Cucina"},"image":{"@id":"https:\/\/itcucina.ro\/#\/schema\/logo\/image\/"},"sameAs":["https:\/\/www.facebook.com\/itcucinarestaurant\/","https:\/\/www.instagram.com\/itcucinarestaurant\/"]}]}},"_links":{"self":[{"href":"https:\/\/itcucina.ro\/en\/wp-json\/wp\/v2\/pages\/3249","targetHints":{"allow":["GET"]}}],"collection":[{"href":"https:\/\/itcucina.ro\/en\/wp-json\/wp\/v2\/pages"}],"about":[{"href":"https:\/\/itcucina.ro\/en\/wp-json\/wp\/v2\/types\/page"}],"author":[{"embeddable":true,"href":"https:\/\/itcucina.ro\/en\/wp-json\/wp\/v2\/users\/2"}],"replies":[{"embeddable":true,"href":"https:\/\/itcucina.ro\/en\/wp-json\/wp\/v2\/comments?post=3249"}],"version-history":[{"count":30,"href":"https:\/\/itcucina.ro\/en\/wp-json\/wp\/v2\/pages\/3249\/revisions"}],"predecessor-version":[{"id":7973,"href":"https:\/\/itcucina.ro\/en\/wp-json\/wp\/v2\/pages\/3249\/revisions\/7973"}],"wp:featuredmedia":[{"embeddable":true,"href":"https:\/\/itcucina.ro\/en\/wp-json\/wp\/v2\/media\/4510"}],"wp:attachment":[{"href":"https:\/\/itcucina.ro\/en\/wp-json\/wp\/v2\/media?parent=3249"}],"curies":[{"name":"wp","href":"https:\/\/api.w.org\/{rel}","templated":true}]}}