{"id":7783,"date":"2021-10-28T19:12:16","date_gmt":"2021-10-28T19:12:16","guid":{"rendered":"https:\/\/itcucina.ro\/?page_id=7783"},"modified":"2024-10-31T17:30:39","modified_gmt":"2024-10-31T17:30:39","slug":"evenimente-corporate-si-private","status":"publish","type":"page","link":"https:\/\/itcucina.ro\/en\/evenimente-corporate-si-private\/","title":{"rendered":"Evenimente corporate"},"content":{"rendered":"<div  class=\"one\" style=\"padding:30px 0 30px 0;\" >\n<div class=\"standard_wrapper\">\n<div class=\"page_content_wrapper\">\n<div class=\"inner\">\n<div class=\"one_half\">\n<div class=\"image_classic_frame expand animate\">\n<div class=\"image_wrapper\"><a href=\"https:\/\/itcucina.ro\/wp-content\/uploads\/2019\/02\/insta-4.jpg\" class=\"img_frame\"><img decoding=\"async\" src=\"https:\/\/itcucina.ro\/wp-content\/uploads\/2019\/02\/insta-4.jpg\" class=\"portfolio_img\" alt=\"\"\/><\/a><\/div>\n<\/div>\n<\/div>\n<div class=\"one_half last content_middle animate\">\n<h2 class=\"ppb_title\" ><span class=\"ppb_title_first\" >Evenimente<\/span>corporate si private<\/h2>\n<div class=\"page_header_sep left\" ><\/div>\n<p>Tu e\u0219ti membrul echipei desemnat pentru a organiza<strong> <a href=\"https:\/\/www.instagram.com\/itcucinarestaurant\/\">evenimente corporate<\/a> si private<\/strong>? Evident, \u00eencepi s\u0103 cau\u021bi loca\u021bii, ceri oferte \u0219i deja te sim\u021bi responsabil pentru toate demersurile. Aceast\u0103 prezentare \u00ee\u021bi u\u0219ureaz\u0103 task-ul, reduce considerabil anxietatea de performan\u021b\u0103 la locul de munc\u0103 \u0219i po\u021bi fi ales angajatul lunii de c\u0103tre colegii \u0219i superiorii t\u0103i.<br \/>\n\u00cen momentul \u00een care alegi loca\u021bia pentru <strong>evenimente corporate \u0219i private<\/strong>, trebuie s\u0103 fii atent la toate detaliile: de la designul restaurantului, atmosfera acestuia \u0219i meniurile \u0219i preparatele oferite \u00een cadrul lor.<\/p>\n<p>La IT Cucina putem organiza <strong>evenimente corporate<\/strong> de Cr\u0103ciun, aniversarea companiei sau chiar \u0219i ie\u0219irile cu echipa ta.\u00a0 Aten\u021bia la detalii, atmosfera pe care o cre\u0103m \u0219i preparatele rafinate pe care le punem la dispozi\u021bie ne recomand\u0103.<\/div>\n<p><br class=\"clear\"\/><\/div>\n<\/div>\n<\/div>\n<\/div>\n<div  class=\"one\" style=\"padding:30px 0 30px 0;\" >\n<div class=\"standard_wrapper\">\n<div class=\"page_content_wrapper\">\n<div class=\"inner\">\n<div class=\"one_half content_middle animate textright\">\n<h2 class=\"ppb_title\" ><span class=\"ppb_title_first\" >Despre<\/span>IT Cucina<\/h2>\n<div class=\"page_header_sep left\" ><\/div>\n<p><a href=\"https:\/\/itcucina.ro\/en\/restaurant-bucuresti\/\">Restaurant It Cucina<\/a> reprezint\u0103 indubitabil una dintre loca\u021biile de referin\u021b\u0103 ale Bucure\u0219tiului.<br \/>\n-Ziua \u2013 loc primitor de luat masa,<br \/>\n-\u00cen weekend &#8211; refugiu pentru un final animat de s\u0103pt\u0103m\u00e2n\u0103,<br \/>\n-iar \u00een restul timpului \u2013 loca\u021bia potrivit\u0103 pentru organizarea evenimentului t\u0103u.<br \/>\nCu peste 200 de locuri disponibile at\u00e2t la interior, c\u00e2t \u0219i \u00een zona Garden, It Cucina armonizeaz\u0103 carisma spiritului italian clasic \u0219i aerul modern, stylish, cu adierea lacului Her\u0103str\u0103u. At\u00e2t la nivelul exigen\u021belor culinare, de ospitalitate, servire, sau chiar tehnice, ne declar\u0103m preg\u0103ti\u021bi s\u0103 venim \u00een \u00eent\u00e2mpinarea clien\u021bilor ce vor s\u0103 opteze pentru cea mai bun\u0103 variant\u0103.<\/p>\n<p>\u00centotdeauna obiectivul nostru a fost s\u0103 satisfacem toate nevoile \u0219i cerin\u021bele clien\u021bilor no\u0219tri. Pentru <strong>evenimentele corporate \u0219i private<\/strong> avem o discu\u021bie ini\u021bial\u0103 cu clientul s\u0103 descoperim \u00eempreun\u0103 dorin\u021bele \u0219i nevoile acestuia, pentru a veni c\u0103tre el cu cele mai bune oferte care s\u0103 se plieze pe a\u0219tept\u0103rile lui.<\/p>\n<p>A\u0219adar, dac\u0103 e\u0219ti \u00een c\u0103utarea localului perfect pentru <strong>evenimente corporate \u0219i private<\/strong>, nu ezita s\u0103 ne contactezi. \u00cen cel mai scurt timp reprezentantul nostru va lua leg\u0103tura cu tine pentru a discuta toate detaliile cu privire la evenimentul t\u0103u. Suntem aici s\u0103 cre\u0103m \u00eempreun\u0103 cele mai frumoase pove\u0219ti!<\/div>\n<div class=\"one_half last\">\n<div class=\"image_classic_frame expand animate\">\n<div class=\"image_wrapper\"><a href=\"https:\/\/itcucina.ro\/wp-content\/uploads\/2019\/02\/insta-2.jpg\" class=\"img_frame\"><img decoding=\"async\" src=\"https:\/\/itcucina.ro\/wp-content\/uploads\/2019\/02\/insta-2.jpg\" class=\"portfolio_img\" alt=\"\"\/><\/a><\/div>\n<\/div>\n<\/div>\n<p><br class=\"clear\"\/><\/div>\n<\/div>\n<\/div>\n<\/div>\n<div  class=\"one\" style=\"padding:30px 0 30px 0;\" >\n<div class=\"standard_wrapper\">\n<div class=\"page_content_wrapper\">\n<div class=\"inner\">\n<div class=\"one_half\">\n<div class=\"image_classic_frame expand animate\">\n<div class=\"image_wrapper\"><a href=\"https:\/\/itcucina.ro\/wp-content\/uploads\/2024\/10\/1.jpg\" class=\"img_frame\"><img decoding=\"async\" src=\"https:\/\/itcucina.ro\/wp-content\/uploads\/2024\/10\/1.jpg\" class=\"portfolio_img\" alt=\"\"\/><\/a><\/div>\n<\/div>\n<\/div>\n<div class=\"one_half last content_middle animate\">\n<h2 class=\"ppb_title\" ><span class=\"ppb_title_first\" >Inima<\/span>tradi\u021biei \u0219i elegan\u021bei italiene pentru evenimentele tale corporate<\/h2>\n<div class=\"page_header_sep left\" ><\/div>\n<p>\u00cen inima ora\u0219ului, It Cucina \u00ee\u021bi deschide por\u021bile c\u0103tre o experien\u021b\u0103 autentic\u0103, inspirat\u0103 din tradi\u021biile culinare italiene. Ne m\u00e2ndrim cu un meniu rafinat, un spa\u021biu elegant \u0219i o echip\u0103 dedicat\u0103, toate preg\u0103tite s\u0103 transforme evenimentul corporate \u00eentr-o experien\u021b\u0103 memorabil\u0103.<br \/>\nLa It Cucina, fiecare eveniment spune o poveste. Inspirat de valorile familiei, comunit\u0103\u021bii \u0219i ospitalit\u0103\u021bii italiene, restaurantul nostru \u00eembin\u0103 tradi\u021bia cu inova\u021bia. De la mesele rustice din Toscana la elegan\u021ba restaurantelor de pe malul Mediteranei, am creat un loc \u00een care fiecare detaliu reflect\u0103 pasiunea pentru m\u00e2ncare \u0219i pl\u0103cerea de a fi \u00eempreun\u0103.<\/div>\n<p><br class=\"clear\"\/><\/div>\n<\/div>\n<\/div>\n<\/div>\n<div  class=\"one\" style=\"padding:30px 0 30px 0;\" >\n<div class=\"standard_wrapper\">\n<div class=\"page_content_wrapper\">\n<div class=\"inner\">\n<div class=\"one_half content_middle animate textright\">\n<h2 class=\"ppb_title\" ><span class=\"ppb_title_first\" >Gastronomie<\/span>care captiveaz\u0103 sim\u021burile<\/h2>\n<div class=\"page_header_sep left\" ><\/div>\n<p>Meniul nostru este o celebrare a buc\u0103t\u0103riei italiene rafinate, realizat cu ingrediente de cea mai \u00eenalt\u0103 calitate. De la antipasti sofisticate la deserturi rafinate, fiecare preparat este creat cu aten\u021bie la detalii, perfect pentru a \u00eenso\u021bi orice tip de eveniment corporate &#8211; de la \u00eent\u00e2lniri de afaceri restr\u00e2nse la banchete de mare amploare.<br \/>\nPuncte cheie:<br \/>\nMeniu personalizat pentru fiecare eveniment<br \/>\nIngrediente autentice \u0219i proaspete, cu influen\u021be din toate regiunile Italiei<br \/>\nOp\u021biuni variate, inclusiv meniuri pentru diete speciale (vegetarian, gluten-free)<\/div>\n<div class=\"one_half last\">\n<div class=\"image_classic_frame expand animate\">\n<div class=\"image_wrapper\"><a href=\"https:\/\/itcucina.ro\/wp-content\/uploads\/2024\/10\/2-1.jpg\" class=\"img_frame\"><img decoding=\"async\" src=\"https:\/\/itcucina.ro\/wp-content\/uploads\/2024\/10\/2-1.jpg\" class=\"portfolio_img\" alt=\"\"\/><\/a><\/div>\n<\/div>\n<\/div>\n<p><br class=\"clear\"\/><\/div>\n<\/div>\n<\/div>\n<\/div>\n<div  class=\"one\" style=\"padding:30px 0 30px 0;\" >\n<div class=\"standard_wrapper\">\n<div class=\"page_content_wrapper\">\n<div class=\"inner\">\n<div class=\"one_half\">\n<div class=\"image_classic_frame expand animate\">\n<div class=\"image_wrapper\"><a href=\"https:\/\/itcucina.ro\/wp-content\/uploads\/2024\/10\/2-3.jpg\" class=\"img_frame\"><img decoding=\"async\" src=\"https:\/\/itcucina.ro\/wp-content\/uploads\/2024\/10\/2-3.jpg\" class=\"portfolio_img\" alt=\"\"\/><\/a><\/div>\n<\/div>\n<\/div>\n<div class=\"one_half last content_middle animate\">\n<h2 class=\"ppb_title\" ><span class=\"ppb_title_first\" >Spa\u021bii<\/span>elegante adaptate nevoilor tale <\/h2>\n<div class=\"page_header_sep left\" ><\/div>\n<p>Fie c\u0103 pl\u0103nuie\u0219ti o conferin\u021b\u0103, un seminar sau o cin\u0103 de gal\u0103, spa\u021biile noastre sunt flexibile \u0219i pot fi adaptate pentru orice tip de eveniment. De la decorul modern \u0219i sofisticat la serviciile de top oferite de echipa noastr\u0103, garant\u0103m c\u0103 fiecare detaliu va reflecta profesionalismul \u0219i elegan\u021ba brandului t\u0103u.<br \/>\nPuncte cheie:<br \/>\n-Spa\u021bii elegante, cu posibilitatea de personalizare<br \/>\n-Capacitate variabil\u0103 pentru \u00eent\u00e2lniri restr\u00e2nse sau evenimente de amploare<br \/>\n-Tehnologie de ultim\u0103 genera\u021bie pentru proiec\u021bii, sunet \u0219i iluminare<\/div>\n<p><br class=\"clear\"\/><\/div>\n<\/div>\n<\/div>\n<\/div>","protected":false},"excerpt":{"rendered":"<p>Evenimentecorporate si private Tu e\u0219ti membrul echipei desemnat pentru a organiza evenimente corporate si private? Evident, \u00eencepi s\u0103 cau\u021bi loca\u021bii, ceri oferte \u0219i deja te sim\u021bi responsabil pentru toate demersurile. Aceast\u0103 prezentare \u00ee\u021bi u\u0219ureaz\u0103 task-ul, reduce considerabil anxietatea de performan\u021b\u0103 [&hellip;]<\/p>","protected":false},"author":2,"featured_media":0,"parent":0,"menu_order":0,"comment_status":"closed","ping_status":"closed","template":"","meta":{"footnotes":""},"class_list":["post-7783","page","type-page","status-publish","hentry"],"yoast_head":"<!-- This site is optimized with the Yoast SEO plugin v26.2 - https:\/\/yoast.com\/wordpress\/plugins\/seo\/ -->\n<title>Evenimente corporate si private Bucuresti- Restaurant Herastrau IT Cucina<\/title>\n<meta name=\"description\" content=\"Evenimente corporate si private organizate la IT Cucina. Contacteaza-ne pentru mai multe detalii. Organizam petreci private si evenimente corporate.\" \/>\n<meta name=\"robots\" content=\"index, follow, max-snippet:-1, max-image-preview:large, max-video-preview:-1\" \/>\n<link rel=\"canonical\" href=\"https:\/\/itcucina.ro\/en\/evenimente-corporate-si-private\/\" \/>\n<meta property=\"og:locale\" content=\"en_US\" \/>\n<meta property=\"og:type\" content=\"article\" \/>\n<meta property=\"og:title\" content=\"Evenimente corporate si private Bucuresti- Restaurant Herastrau IT Cucina\" \/>\n<meta property=\"og:description\" content=\"Evenimente corporate si private organizate la IT Cucina. Contacteaza-ne pentru mai multe detalii. Organizam petreci private si evenimente corporate.\" \/>\n<meta property=\"og:url\" content=\"https:\/\/itcucina.ro\/en\/evenimente-corporate-si-private\/\" \/>\n<meta property=\"og:site_name\" content=\"IT Cucina\" \/>\n<meta property=\"article:publisher\" content=\"https:\/\/www.facebook.com\/itcucinarestaurant\/\" \/>\n<meta property=\"article:modified_time\" content=\"2024-10-31T17:30:39+00:00\" \/>\n<meta property=\"og:image\" content=\"https:\/\/itcucina.ro\/wp-content\/uploads\/2019\/02\/insta-4.jpg\" \/>\n<meta name=\"twitter:card\" content=\"summary_large_image\" \/>\n<meta name=\"twitter:label1\" content=\"Est. reading time\" \/>\n\t<meta name=\"twitter:data1\" content=\"3 minutes\" \/>\n<script type=\"application\/ld+json\" class=\"yoast-schema-graph\">{\"@context\":\"https:\/\/schema.org\",\"@graph\":[{\"@type\":\"WebPage\",\"@id\":\"https:\/\/itcucina.ro\/evenimente-corporate-si-private\/\",\"url\":\"https:\/\/itcucina.ro\/evenimente-corporate-si-private\/\",\"name\":\"Evenimente corporate si private Bucuresti- Restaurant Herastrau IT Cucina\",\"isPartOf\":{\"@id\":\"https:\/\/itcucina.ro\/#website\"},\"primaryImageOfPage\":{\"@id\":\"https:\/\/itcucina.ro\/evenimente-corporate-si-private\/#primaryimage\"},\"image\":{\"@id\":\"https:\/\/itcucina.ro\/evenimente-corporate-si-private\/#primaryimage\"},\"thumbnailUrl\":\"https:\/\/itcucina.ro\/wp-content\/uploads\/2019\/02\/insta-4.jpg\",\"datePublished\":\"2021-10-28T19:12:16+00:00\",\"dateModified\":\"2024-10-31T17:30:39+00:00\",\"description\":\"Evenimente corporate si private organizate la IT Cucina. Contacteaza-ne pentru mai multe detalii. Organizam petreci private si evenimente corporate.\",\"breadcrumb\":{\"@id\":\"https:\/\/itcucina.ro\/evenimente-corporate-si-private\/#breadcrumb\"},\"inLanguage\":\"en-US\",\"potentialAction\":[{\"@type\":\"ReadAction\",\"target\":[\"https:\/\/itcucina.ro\/evenimente-corporate-si-private\/\"]}]},{\"@type\":\"ImageObject\",\"inLanguage\":\"en-US\",\"@id\":\"https:\/\/itcucina.ro\/evenimente-corporate-si-private\/#primaryimage\",\"url\":\"https:\/\/itcucina.ro\/wp-content\/uploads\/2019\/02\/insta-4.jpg\",\"contentUrl\":\"https:\/\/itcucina.ro\/wp-content\/uploads\/2019\/02\/insta-4.jpg\"},{\"@type\":\"BreadcrumbList\",\"@id\":\"https:\/\/itcucina.ro\/evenimente-corporate-si-private\/#breadcrumb\",\"itemListElement\":[{\"@type\":\"ListItem\",\"position\":1,\"name\":\"Home\",\"item\":\"https:\/\/itcucina.ro\/\"},{\"@type\":\"ListItem\",\"position\":2,\"name\":\"Evenimente corporate\"}]},{\"@type\":\"WebSite\",\"@id\":\"https:\/\/itcucina.ro\/#website\",\"url\":\"https:\/\/itcucina.ro\/\",\"name\":\"IT Cucina\",\"description\":\"Restaurant italian Bucuresti\",\"publisher\":{\"@id\":\"https:\/\/itcucina.ro\/#organization\"},\"potentialAction\":[{\"@type\":\"SearchAction\",\"target\":{\"@type\":\"EntryPoint\",\"urlTemplate\":\"https:\/\/itcucina.ro\/?s={search_term_string}\"},\"query-input\":{\"@type\":\"PropertyValueSpecification\",\"valueRequired\":true,\"valueName\":\"search_term_string\"}}],\"inLanguage\":\"en-US\"},{\"@type\":\"Organization\",\"@id\":\"https:\/\/itcucina.ro\/#organization\",\"name\":\"It Cucina\",\"url\":\"https:\/\/itcucina.ro\/\",\"logo\":{\"@type\":\"ImageObject\",\"inLanguage\":\"en-US\",\"@id\":\"https:\/\/itcucina.ro\/#\/schema\/logo\/image\/\",\"url\":\"https:\/\/itcucina.ro\/wp-content\/uploads\/2019\/01\/logo_tran2.png\",\"contentUrl\":\"https:\/\/itcucina.ro\/wp-content\/uploads\/2019\/01\/logo_tran2.png\",\"width\":340,\"height\":184,\"caption\":\"It Cucina\"},\"image\":{\"@id\":\"https:\/\/itcucina.ro\/#\/schema\/logo\/image\/\"},\"sameAs\":[\"https:\/\/www.facebook.com\/itcucinarestaurant\/\",\"https:\/\/www.instagram.com\/itcucinarestaurant\/\"]}]}<\/script>\n<!-- \/ Yoast SEO plugin. -->","yoast_head_json":{"title":"Evenimente corporate si private Bucuresti- Restaurant Herastrau IT Cucina","description":"Evenimente corporate si private organizate la IT Cucina. Contacteaza-ne pentru mai multe detalii. Organizam petreci private si evenimente corporate.","robots":{"index":"index","follow":"follow","max-snippet":"max-snippet:-1","max-image-preview":"max-image-preview:large","max-video-preview":"max-video-preview:-1"},"canonical":"https:\/\/itcucina.ro\/en\/evenimente-corporate-si-private\/","og_locale":"en_US","og_type":"article","og_title":"Evenimente corporate si private Bucuresti- Restaurant Herastrau IT Cucina","og_description":"Evenimente corporate si private organizate la IT Cucina. Contacteaza-ne pentru mai multe detalii. Organizam petreci private si evenimente corporate.","og_url":"https:\/\/itcucina.ro\/en\/evenimente-corporate-si-private\/","og_site_name":"IT Cucina","article_publisher":"https:\/\/www.facebook.com\/itcucinarestaurant\/","article_modified_time":"2024-10-31T17:30:39+00:00","og_image":[{"url":"https:\/\/itcucina.ro\/wp-content\/uploads\/2019\/02\/insta-4.jpg","type":"","width":"","height":""}],"twitter_card":"summary_large_image","twitter_misc":{"Est. reading time":"3 minutes"},"schema":{"@context":"https:\/\/schema.org","@graph":[{"@type":"WebPage","@id":"https:\/\/itcucina.ro\/evenimente-corporate-si-private\/","url":"https:\/\/itcucina.ro\/evenimente-corporate-si-private\/","name":"Evenimente corporate si private Bucuresti- Restaurant Herastrau IT Cucina","isPartOf":{"@id":"https:\/\/itcucina.ro\/#website"},"primaryImageOfPage":{"@id":"https:\/\/itcucina.ro\/evenimente-corporate-si-private\/#primaryimage"},"image":{"@id":"https:\/\/itcucina.ro\/evenimente-corporate-si-private\/#primaryimage"},"thumbnailUrl":"https:\/\/itcucina.ro\/wp-content\/uploads\/2019\/02\/insta-4.jpg","datePublished":"2021-10-28T19:12:16+00:00","dateModified":"2024-10-31T17:30:39+00:00","description":"Evenimente corporate si private organizate la IT Cucina. Contacteaza-ne pentru mai multe detalii. Organizam petreci private si evenimente corporate.","breadcrumb":{"@id":"https:\/\/itcucina.ro\/evenimente-corporate-si-private\/#breadcrumb"},"inLanguage":"en-US","potentialAction":[{"@type":"ReadAction","target":["https:\/\/itcucina.ro\/evenimente-corporate-si-private\/"]}]},{"@type":"ImageObject","inLanguage":"en-US","@id":"https:\/\/itcucina.ro\/evenimente-corporate-si-private\/#primaryimage","url":"https:\/\/itcucina.ro\/wp-content\/uploads\/2019\/02\/insta-4.jpg","contentUrl":"https:\/\/itcucina.ro\/wp-content\/uploads\/2019\/02\/insta-4.jpg"},{"@type":"BreadcrumbList","@id":"https:\/\/itcucina.ro\/evenimente-corporate-si-private\/#breadcrumb","itemListElement":[{"@type":"ListItem","position":1,"name":"Home","item":"https:\/\/itcucina.ro\/"},{"@type":"ListItem","position":2,"name":"Evenimente corporate"}]},{"@type":"WebSite","@id":"https:\/\/itcucina.ro\/#website","url":"https:\/\/itcucina.ro\/","name":"IT Cucina","description":"Restaurant italian Bucuresti","publisher":{"@id":"https:\/\/itcucina.ro\/#organization"},"potentialAction":[{"@type":"SearchAction","target":{"@type":"EntryPoint","urlTemplate":"https:\/\/itcucina.ro\/?s={search_term_string}"},"query-input":{"@type":"PropertyValueSpecification","valueRequired":true,"valueName":"search_term_string"}}],"inLanguage":"en-US"},{"@type":"Organization","@id":"https:\/\/itcucina.ro\/#organization","name":"It Cucina","url":"https:\/\/itcucina.ro\/","logo":{"@type":"ImageObject","inLanguage":"en-US","@id":"https:\/\/itcucina.ro\/#\/schema\/logo\/image\/","url":"https:\/\/itcucina.ro\/wp-content\/uploads\/2019\/01\/logo_tran2.png","contentUrl":"https:\/\/itcucina.ro\/wp-content\/uploads\/2019\/01\/logo_tran2.png","width":340,"height":184,"caption":"It Cucina"},"image":{"@id":"https:\/\/itcucina.ro\/#\/schema\/logo\/image\/"},"sameAs":["https:\/\/www.facebook.com\/itcucinarestaurant\/","https:\/\/www.instagram.com\/itcucinarestaurant\/"]}]}},"_links":{"self":[{"href":"https:\/\/itcucina.ro\/en\/wp-json\/wp\/v2\/pages\/7783","targetHints":{"allow":["GET"]}}],"collection":[{"href":"https:\/\/itcucina.ro\/en\/wp-json\/wp\/v2\/pages"}],"about":[{"href":"https:\/\/itcucina.ro\/en\/wp-json\/wp\/v2\/types\/page"}],"author":[{"embeddable":true,"href":"https:\/\/itcucina.ro\/en\/wp-json\/wp\/v2\/users\/2"}],"replies":[{"embeddable":true,"href":"https:\/\/itcucina.ro\/en\/wp-json\/wp\/v2\/comments?post=7783"}],"version-history":[{"count":50,"href":"https:\/\/itcucina.ro\/en\/wp-json\/wp\/v2\/pages\/7783\/revisions"}],"predecessor-version":[{"id":8180,"href":"https:\/\/itcucina.ro\/en\/wp-json\/wp\/v2\/pages\/7783\/revisions\/8180"}],"wp:attachment":[{"href":"https:\/\/itcucina.ro\/en\/wp-json\/wp\/v2\/media?parent=7783"}],"curies":[{"name":"wp","href":"https:\/\/api.w.org\/{rel}","templated":true}]}}